{"id":1245,"date":"2020-01-19T15:07:02","date_gmt":"2020-01-19T14:07:02","guid":{"rendered":"https:\/\/www.ruralnetwork.eu\/web\/?page_id=1245"},"modified":"2024-05-29T09:32:57","modified_gmt":"2024-05-29T07:32:57","slug":"podrucje-obuhvaceno-projektom","status":"publish","type":"page","link":"https:\/\/www.ruralnetwork.eu\/hr\/kako-do-prikljucka\/podrucje-obuhvaceno-projektom\/","title":{"rendered":"Podru\u010dje obuhva\u0107eno projektom"},"content":{"rendered":"","protected":false},"excerpt":{"rendered":"<p>Karta podru\u010dja obuhva\u0107enog projektom<\/p>\n","protected":false},"author":1,"featured_media":934,"parent":390,"menu_order":2,"comment_status":"closed","ping_status":"closed","template":"template-map.php","meta":{"_acf_changed":false,"footnotes":""},"class_list":["post-1245","page","type-page","status-publish","has-post-thumbnail","hentry"],"acf":[],"jetpack_sharing_enabled":true,"_links":{"self":[{"href":"https:\/\/www.ruralnetwork.eu\/hr\/wp-json\/wp\/v2\/pages\/1245","targetHints":{"allow":["GET"]}}],"collection":[{"href":"https:\/\/www.ruralnetwork.eu\/hr\/wp-json\/wp\/v2\/pages"}],"about":[{"href":"https:\/\/www.ruralnetwork.eu\/hr\/wp-json\/wp\/v2\/types\/page"}],"author":[{"embeddable":true,"href":"https:\/\/www.ruralnetwork.eu\/hr\/wp-json\/wp\/v2\/users\/1"}],"replies":[{"embeddable":true,"href":"https:\/\/www.ruralnetwork.eu\/hr\/wp-json\/wp\/v2\/comments?post=1245"}],"version-history":[{"count":9,"href":"https:\/\/www.ruralnetwork.eu\/hr\/wp-json\/wp\/v2\/pages\/1245\/revisions"}],"predecessor-version":[{"id":6579,"href":"https:\/\/www.ruralnetwork.eu\/hr\/wp-json\/wp\/v2\/pages\/1245\/revisions\/6579"}],"up":[{"embeddable":true,"href":"https:\/\/www.ruralnetwork.eu\/hr\/wp-json\/wp\/v2\/pages\/390"}],"wp:featuredmedia":[{"embeddable":true,"href":"https:\/\/www.ruralnetwork.eu\/hr\/wp-json\/wp\/v2\/media\/934"}],"wp:attachment":[{"href":"https:\/\/www.ruralnetwork.eu\/hr\/wp-json\/wp\/v2\/media?parent=1245"}],"curies":[{"name":"wp","href":"https:\/\/api.w.org\/{rel}","templated":true}]}}