{"id":271,"date":"2019-10-21T20:04:33","date_gmt":"2019-10-21T18:04:33","guid":{"rendered":"https:\/\/www.ruralnetwork.eu\/web\/?page_id=271"},"modified":"2020-08-25T17:52:09","modified_gmt":"2020-08-25T15:52:09","slug":"o-nama","status":"publish","type":"page","link":"https:\/\/www.ruralnetwork.eu\/hr\/o-nama\/","title":{"rendered":"O nama"},"content":{"rendered":"\n<p>Vlasnik <strong>RUNE Crow d.o.o.<\/strong> je tvrtka RUNE Group S.A.. Ve\u0107inski vlasnik tvrtke RUNE Group S.A. je Connecting Europe Broadband Fund (CEBF) sa sjedi\u0161tem u Luksemburgu \u010dija je glavna zada\u0107a dostizanje ciljeva gigabitnog dru\u0161tva.<\/p>\n\n\n\n<p>Projekt RUNE prvi je i trenutno jedini prekograni\u010dni projekt na razini EU-a koji povezuje podru\u010dja nekoliko dr\u017eava \u010dlanica s ultra brzom \u0161irokopojasnom opti\u010dkom infrastrukturom koja je dobila sredstva iz ovog fonda. U sklopu projekta, RUNE Crow d.o.o \u0107e u naredne tri godine <strong>izgraditi ultra brzu \u0161irokopojasnu opti\u010dku infrastrukturu u ruralnim podru\u010djima Primorsko goranske i Istarske \u017eupanije.<\/strong> Izgradnjom mre\u017ee na podru\u010djima koja trenutno nisu pokrivena opti\u010dkom infrastrukturom, RUNE \u0107e pomo\u0107i lokalnim samoupravama u postizanju ciljeva Digitalne agende za Europu 2020. povezivanjem na novu pristupnu opti\u010dku mre\u017eu koja \u0107e omogu\u0107iti brzine ve\u0107e od 1 Gbps.<\/p>\n\n\n\n<p>Ovakav\nkoncept gradnje mre\u017ee omogu\u0107ava tako\u0111er liberalizaciju tr\u017ei\u0161ta elektroni\u010dkih\nkomunikacijskih usluga, \u0161to zna\u010di, da krajnji korisnik ima slobodu izbora\ndavatelja usluga koji mu je najpovoljniji u pogledu cijene i kvalitete usluge a\nsvim davateljima usluga osigurava pristup pod jednakim uvjetima.<\/p>\n","protected":false},"excerpt":{"rendered":"<p>Vlasnik RUNE Crow d.o.o. je tvrtka RUNE Group S.A.. Ve\u0107inski vlasnik tvrtke RUNE Group S.A. je Connecting Europe Broadband Fund (CEBF) sa sjedi\u0161tem u Luksemburgu \u010dija [&hellip;]<\/p>\n","protected":false},"author":1,"featured_media":494,"parent":0,"menu_order":0,"comment_status":"closed","ping_status":"closed","template":"","meta":{"_acf_changed":false,"footnotes":""},"class_list":["post-271","page","type-page","status-publish","has-post-thumbnail","hentry"],"acf":[],"jetpack_sharing_enabled":true,"_links":{"self":[{"href":"https:\/\/www.ruralnetwork.eu\/hr\/wp-json\/wp\/v2\/pages\/271","targetHints":{"allow":["GET"]}}],"collection":[{"href":"https:\/\/www.ruralnetwork.eu\/hr\/wp-json\/wp\/v2\/pages"}],"about":[{"href":"https:\/\/www.ruralnetwork.eu\/hr\/wp-json\/wp\/v2\/types\/page"}],"author":[{"embeddable":true,"href":"https:\/\/www.ruralnetwork.eu\/hr\/wp-json\/wp\/v2\/users\/1"}],"replies":[{"embeddable":true,"href":"https:\/\/www.ruralnetwork.eu\/hr\/wp-json\/wp\/v2\/comments?post=271"}],"version-history":[{"count":10,"href":"https:\/\/www.ruralnetwork.eu\/hr\/wp-json\/wp\/v2\/pages\/271\/revisions"}],"predecessor-version":[{"id":1892,"href":"https:\/\/www.ruralnetwork.eu\/hr\/wp-json\/wp\/v2\/pages\/271\/revisions\/1892"}],"wp:featuredmedia":[{"embeddable":true,"href":"https:\/\/www.ruralnetwork.eu\/hr\/wp-json\/wp\/v2\/media\/494"}],"wp:attachment":[{"href":"https:\/\/www.ruralnetwork.eu\/hr\/wp-json\/wp\/v2\/media?parent=271"}],"curies":[{"name":"wp","href":"https:\/\/api.w.org\/{rel}","templated":true}]}}