{"id":281,"date":"2019-10-23T14:25:45","date_gmt":"2019-10-23T12:25:45","guid":{"rendered":"https:\/\/www.ruralnetwork.eu\/web\/?page_id=281"},"modified":"2020-05-26T20:54:51","modified_gmt":"2020-05-26T18:54:51","slug":"objave-namjere-gradnje-svjetlovodne-pristupne-mreze","status":"publish","type":"page","link":"https:\/\/www.ruralnetwork.eu\/hr\/izgradnja-opticke-infrastrukture\/objave-namjere-gradnje-svjetlovodne-pristupne-mreze\/","title":{"rendered":"Objave namjere gradnje svjetlovodne pristupne mre\u017ee"},"content":{"rendered":"\n<h3 class=\"has-very-dark-grey-color has-text-color wp-block-heading\">Objava namjere gradnje svjetlovodne pristupne mre\u017ee GPON tehnologijom obuhvat JLS Buzet, JLS Lani\u0161\u0107e<\/h3>\n\n\n\n<p><strong>Naziv, adresa i OIB investitora:<\/strong>&nbsp;RUNE Crow d.o.o., Veprinac-Tumpi\u0107i 16, 51414 I\u010di\u0107i, OIB: 06535522670<\/p>\n\n\n\n<p><strong>Podru\u010dje\/teritorij obuhvata SDM (km\u00b2):<\/strong>&nbsp;31,41 km2<\/p>\n\n\n\n<p><strong>Broj postoje\u0107ih i planiranih stanova, poslovnih prostora i drugih subjekata na podru\u010dju obuhvata:<\/strong>&nbsp;3825<\/p>\n\n\n\n<p><strong>Adresa i vrsta pristupnog GPON \u010dvora:<\/strong>&nbsp;u blizini adrese Rije\u010dka ulica 26, Buzet, aktivni (Point to Multipoint)<\/p>\n\n\n\n<p><strong>Planirana veli\u010dina pristupnog GPON \u010dvora:<\/strong>&nbsp;10,70 m\u00b2<\/p>\n\n\n\n<p><strong>Planirani kapacitet svjetlovodne distribucijske mre\u017ee (broj svjetlovodnih niti):<\/strong>&nbsp;ukupno: 3825 niti, Faza 1: 9 distribucijskih \u010dvorova &#8211; 305 ku\u0107anstava, Faza 2: 96 distribucijskih \u010dvorova &#8211; 3520 ku\u0107anstava<\/p>\n\n\n\n<p><strong>Planirani datum po\u010detka postavljanja:<\/strong>&nbsp;6.11.2019.<\/p>\n\n\n\n<p><strong>Planirani datum zavr\u0161etka postavljanja:<\/strong>&nbsp;Faza 1: 28.02.2020.; Faza 2: 31.12.2021.<\/p>\n\n\n\n<p><strong>Pristup i kori\u0161tenje SDM-a:<\/strong><\/p>\n\n\n\n<ul class=\"wp-block-list\"><li>aktivacija pristupa svjetlovodnoj niti na nivou distribucijskog \u010dvora: 450,00 HRK bez PDV-a<\/li><li>mjese\u010dna naknada za kori\u0161tenje svjetlovodne niti od distribucijskog \u010dvora do korisnika, uklju\u010duju\u0107i i dio instalacije u zgradi: 91,20 HRK bez PDV-a<\/li><li>mjese\u010dna naknada za najam prostora u distribucijskom \u010dvoru za smje\u0161taj pasivne opreme (djelitelja, kazete itd.): 1,00 HRK po cm3 bez PDV-a<\/li><\/ul>\n","protected":false},"excerpt":{"rendered":"<p>Najave i planovi gradnje<\/p>\n","protected":false},"author":1,"featured_media":966,"parent":279,"menu_order":20,"comment_status":"closed","ping_status":"closed","template":"","meta":{"_acf_changed":false,"footnotes":""},"class_list":["post-281","page","type-page","status-publish","has-post-thumbnail","hentry"],"acf":[],"jetpack_sharing_enabled":true,"_links":{"self":[{"href":"https:\/\/www.ruralnetwork.eu\/hr\/wp-json\/wp\/v2\/pages\/281","targetHints":{"allow":["GET"]}}],"collection":[{"href":"https:\/\/www.ruralnetwork.eu\/hr\/wp-json\/wp\/v2\/pages"}],"about":[{"href":"https:\/\/www.ruralnetwork.eu\/hr\/wp-json\/wp\/v2\/types\/page"}],"author":[{"embeddable":true,"href":"https:\/\/www.ruralnetwork.eu\/hr\/wp-json\/wp\/v2\/users\/1"}],"replies":[{"embeddable":true,"href":"https:\/\/www.ruralnetwork.eu\/hr\/wp-json\/wp\/v2\/comments?post=281"}],"version-history":[{"count":6,"href":"https:\/\/www.ruralnetwork.eu\/hr\/wp-json\/wp\/v2\/pages\/281\/revisions"}],"predecessor-version":[{"id":1527,"href":"https:\/\/www.ruralnetwork.eu\/hr\/wp-json\/wp\/v2\/pages\/281\/revisions\/1527"}],"up":[{"embeddable":true,"href":"https:\/\/www.ruralnetwork.eu\/hr\/wp-json\/wp\/v2\/pages\/279"}],"wp:featuredmedia":[{"embeddable":true,"href":"https:\/\/www.ruralnetwork.eu\/hr\/wp-json\/wp\/v2\/media\/966"}],"wp:attachment":[{"href":"https:\/\/www.ruralnetwork.eu\/hr\/wp-json\/wp\/v2\/media?parent=281"}],"curies":[{"name":"wp","href":"https:\/\/api.w.org\/{rel}","templated":true}]}}