{"id":372,"date":"2019-10-24T10:50:14","date_gmt":"2019-10-24T08:50:14","guid":{"rendered":"https:\/\/www.ruralnetwork.eu\/web\/?page_id=372"},"modified":"2020-05-29T00:00:41","modified_gmt":"2020-05-28T22:00:41","slug":"prednosti-svjetlovodne-tehnologije","status":"publish","type":"page","link":"https:\/\/www.ruralnetwork.eu\/hr\/korisne-informacije\/prednosti-svjetlovodne-tehnologije\/","title":{"rendered":"Prednosti svjetlovodne tehnologije"},"content":{"rendered":"\n<h2 class=\"wp-block-heading\">Ekstremno velika propusnost<\/h2>\n\n\n\n<p>Niti jedna druga kabelska tehnologija ne nudi propusnost kao svjetlovodni kabel. Koli\u010dina podataka koju svjetlovodni kabel prenosi u jedinici vremena je mnogostruko ve\u0107a od bakrenih kabela.<\/p>\n\n\n\n<h2 class=\"wp-block-heading\">Ve\u0107e du\u017eine prijenosa<\/h2>\n\n\n\n<p>Prilikom prijenosa podataka, svjetlovodni kabeli omogu\u0107uju maleni gubitak snage, \u0161to omogu\u0107ava prijenos podataka na ve\u0107e udaljenosti od bakrenih kabela.<\/p>\n\n\n\n<h2 class=\"wp-block-heading\">Otpornost na elektromagnetske smetnje<\/h2>\n\n\n\n<p>Prilikom implementacije mre\u017ee nemogu\u0107e je izbje\u0107i izvore elektromagnetski smetnji poput elektroenergetske mre\u017ee, trafostanica, toplinska postrojenja, itd. No, svjetlovodni kabel ima veoma mali postotak gre\u0161aka (manje od 10-13) zbog visoke otpornosti na elektromagnetske smetnje. Tako\u0111er, prilikom prijenosa svjetlovodni kabel ne proizvodi nikakav zvuk.<\/p>\n\n\n\n<h2 class=\"wp-block-heading\">Nizak sigurnosni rizik<\/h2>\n\n\n\n<p>U svjetlovodnim mre\u017eama, podaci, odnosno signali se prenose putem svijetla te je nemogu\u0107e \u201eprislu\u0161kivati\u201c prijenos kao \u0161to je to mogu\u0107e kod bakrenih kabela gdje dolazi do \u201ecurenja\u201c elektromagnetske energije u prijenosu. Zbog toga svjetlovodne mre\u017ee omogu\u0107avaju potpunu sigurnost podataka u prijenosu<\/p>\n\n\n\n<h2 class=\"wp-block-heading\">Mala veli\u010dina<\/h2>\n\n\n\n<p>Svjetlovodni kabeli imaju veoma mali promjer te efikasnije koriste raspolo\u017eivi prostor kako u telekomunikacijskoj kanalizaciji tako i u ku\u0107nim instalacijama.<\/p>\n\n\n\n<h2 class=\"wp-block-heading\">Lako se prilago\u0111avaju pove\u0107anju zahtjeva za propusnosti<\/h2>\n\n\n\n<p>Ukoliko se pojavi potreba za prijenosom ve\u0107e koli\u010dine podataka, istu je lako omogu\u0107iti promjenom aktivne opreme bez potrebe za zamjenom polo\u017eenih kabela. Tehnologije poput WDM-a omogu\u0107avaju pove\u0107anje propusnosti kori\u0161tenjem postoje\u0107i svjetlovodnih kabela.<\/p>\n","protected":false},"excerpt":{"rendered":"<p>Niti jedna druga kabelska tehnologija ne nudi propusnost kao svjetlovodni kabel<\/p>\n","protected":false},"author":4,"featured_media":854,"parent":380,"menu_order":1,"comment_status":"closed","ping_status":"closed","template":"template-childbox.php","meta":{"_acf_changed":false,"footnotes":""},"class_list":["post-372","page","type-page","status-publish","has-post-thumbnail","hentry"],"acf":[],"jetpack_sharing_enabled":true,"_links":{"self":[{"href":"https:\/\/www.ruralnetwork.eu\/hr\/wp-json\/wp\/v2\/pages\/372","targetHints":{"allow":["GET"]}}],"collection":[{"href":"https:\/\/www.ruralnetwork.eu\/hr\/wp-json\/wp\/v2\/pages"}],"about":[{"href":"https:\/\/www.ruralnetwork.eu\/hr\/wp-json\/wp\/v2\/types\/page"}],"author":[{"embeddable":true,"href":"https:\/\/www.ruralnetwork.eu\/hr\/wp-json\/wp\/v2\/users\/4"}],"replies":[{"embeddable":true,"href":"https:\/\/www.ruralnetwork.eu\/hr\/wp-json\/wp\/v2\/comments?post=372"}],"version-history":[{"count":6,"href":"https:\/\/www.ruralnetwork.eu\/hr\/wp-json\/wp\/v2\/pages\/372\/revisions"}],"predecessor-version":[{"id":1606,"href":"https:\/\/www.ruralnetwork.eu\/hr\/wp-json\/wp\/v2\/pages\/372\/revisions\/1606"}],"up":[{"embeddable":true,"href":"https:\/\/www.ruralnetwork.eu\/hr\/wp-json\/wp\/v2\/pages\/380"}],"wp:featuredmedia":[{"embeddable":true,"href":"https:\/\/www.ruralnetwork.eu\/hr\/wp-json\/wp\/v2\/media\/854"}],"wp:attachment":[{"href":"https:\/\/www.ruralnetwork.eu\/hr\/wp-json\/wp\/v2\/media?parent=372"}],"curies":[{"name":"wp","href":"https:\/\/api.w.org\/{rel}","templated":true}]}}