{"id":399,"date":"2019-10-24T10:50:43","date_gmt":"2019-10-24T08:50:43","guid":{"rendered":"https:\/\/www.ruralnetwork.eu\/web\/?page_id=399"},"modified":"2020-05-29T00:01:41","modified_gmt":"2020-05-28T22:01:41","slug":"osnovni-pojmovi","status":"publish","type":"page","link":"https:\/\/www.ruralnetwork.eu\/hr\/korisne-informacije\/osnovni-pojmovi\/","title":{"rendered":"Osnovni pojmovi"},"content":{"rendered":"\n<p><strong>Otvorena mre\u017ea<\/strong>&nbsp;\/ mre\u017ea koju svi pru\u017eatelji usluga (ISP) koriste pod jednakim uvjetima.<\/p>\n\n\n\n<p><strong>Pristupna mre\u017ea<\/strong>&nbsp;\/ dio mre\u017ee koja povezuje centralu sa krajnjim korisnicima<\/p>\n\n\n\n<p><strong>Vlasnik infrastrukture<\/strong>&nbsp;\/ gradi i omogu\u0107ava pristup izgra\u0111enoj infrastrukturi (RUNE)<\/p>\n\n\n\n<p><strong>Infrastrukturni operater<\/strong>&nbsp;\/odr\u017eava i upravlja mre\u017eom, osigurava prijenos usluge do krajnjih korisnika (RUNE)<\/p>\n\n\n\n<p><strong>Operator (pru\u017eatelj) usluga<\/strong>&nbsp;\/ poslovni subjekt koji na tr\u017ei\u0161tu nudi usluge TV, interneta, telefona i sl. usluge putem otvorene mre\u017ee (ISP-telekom operatori usluge-HT, ISKON, VIP, OT, TERRAKOM&#8230;)<\/p>\n\n\n\n<p><strong>Krajni korisnik <\/strong>\/ korisnik usluga putem otvorene mre\u017ee (privatna ku\u0107anstva, poslovni korisnici, javne ustanove, &#8230;)<\/p>\n\n\n\n<p><strong>Svjetlovod <\/strong>\/ je savitljivo vlakno izra\u0111eno od SiO2 \u010dijom se unutra\u0161no\u0161\u0107u nizom uzastopnih totalnih refleksija prenosi svjetlosni signal te se odlikuje malim gubicima, velikim propusnim opsegom i malim dimenzijama<\/p>\n\n\n\n<p><strong>\u0160irokopojasna infrastruktura<\/strong>&nbsp;\/ je infrastruktura koja bez ograni\u010denja (po ukupnoj koli\u010dini i\/ili vrsti prometa) omogu\u0107ava krajnjem korisniku kori\u0161tenje svih digitalnih usluga koje se mogu prenositi na daljinu. Prema Europskoj strategiji Gigabit Europe 2025 svi poslovni i javni subjekti trebaju imati infrastrukturu koja nudi mogu\u0107nost prijenosa podataka brzinama od 1 gigabita po sekundi (Gbps), te sva ku\u0107anstva 100 Mbps s mogu\u0107no\u0161\u0107u nadogradnje na 1 Gbps na zahtjev krajnjeg korisnika. Slijedom navedenog, RUNE smatra da \u0161irokopojasno zna\u010di da se krajnjem korisniku bez ograni\u010denja (po ukupnoj koli\u010dini i\/ili vrsti prometa) omogu\u0107ava kori\u0161tenje svih digitalnih usluga koje se mogu prenositi na daljinu brzinama od 1 Gbps i vi\u0161e.<\/p>\n","protected":false},"excerpt":{"rendered":"<p>Svjetlovod, otvorena mre\u017ea, pristupna mre\u017ea&#8230;<\/p>\n","protected":false},"author":4,"featured_media":520,"parent":380,"menu_order":3,"comment_status":"closed","ping_status":"closed","template":"template-childbox.php","meta":{"_acf_changed":false,"footnotes":""},"class_list":["post-399","page","type-page","status-publish","has-post-thumbnail","hentry"],"acf":[],"jetpack_sharing_enabled":true,"_links":{"self":[{"href":"https:\/\/www.ruralnetwork.eu\/hr\/wp-json\/wp\/v2\/pages\/399","targetHints":{"allow":["GET"]}}],"collection":[{"href":"https:\/\/www.ruralnetwork.eu\/hr\/wp-json\/wp\/v2\/pages"}],"about":[{"href":"https:\/\/www.ruralnetwork.eu\/hr\/wp-json\/wp\/v2\/types\/page"}],"author":[{"embeddable":true,"href":"https:\/\/www.ruralnetwork.eu\/hr\/wp-json\/wp\/v2\/users\/4"}],"replies":[{"embeddable":true,"href":"https:\/\/www.ruralnetwork.eu\/hr\/wp-json\/wp\/v2\/comments?post=399"}],"version-history":[{"count":6,"href":"https:\/\/www.ruralnetwork.eu\/hr\/wp-json\/wp\/v2\/pages\/399\/revisions"}],"predecessor-version":[{"id":1607,"href":"https:\/\/www.ruralnetwork.eu\/hr\/wp-json\/wp\/v2\/pages\/399\/revisions\/1607"}],"up":[{"embeddable":true,"href":"https:\/\/www.ruralnetwork.eu\/hr\/wp-json\/wp\/v2\/pages\/380"}],"wp:featuredmedia":[{"embeddable":true,"href":"https:\/\/www.ruralnetwork.eu\/hr\/wp-json\/wp\/v2\/media\/520"}],"wp:attachment":[{"href":"https:\/\/www.ruralnetwork.eu\/hr\/wp-json\/wp\/v2\/media?parent=399"}],"curies":[{"name":"wp","href":"https:\/\/api.w.org\/{rel}","templated":true}]}}