{"id":6129,"date":"2023-04-21T09:50:38","date_gmt":"2023-04-21T07:50:38","guid":{"rendered":"https:\/\/www.ruralnetwork.eu\/?page_id=6129"},"modified":"2023-04-21T09:50:39","modified_gmt":"2023-04-21T07:50:39","slug":"izjava-o-ekoloskoj-drustvenoj-i-upravljackoj-uskladenosti-poslovanja-tvrtke","status":"publish","type":"page","link":"https:\/\/www.ruralnetwork.eu\/hr\/izjava-o-ekoloskoj-drustvenoj-i-upravljackoj-uskladenosti-poslovanja-tvrtke\/","title":{"rendered":"Izjava o ekolo\u0161koj, dru\u0161tvenoj i upravlja\u010dkoj uskla\u0111enosti poslovanja tvrtke"},"content":{"rendered":"\n<p><strong><a href=\"https:\/\/www.ruralnetwork.eu\/web\/wp-content\/uploads\/2023\/04\/ESG-Statement-Rune-Crow_compressed.pdf\">Izjava o ekolo\u0161koj, dru\u0161tvenoj i upravlja\u010dkoj uskla\u0111enosti poslovanja tvrtke<\/a><\/strong><\/p>\n","protected":false},"excerpt":{"rendered":"<p>Izjava o ekolo\u0161koj, dru\u0161tvenoj i upravlja\u010dkoj uskla\u0111enosti poslovanja tvrtke<\/p>\n","protected":false},"author":4,"featured_media":0,"parent":0,"menu_order":0,"comment_status":"closed","ping_status":"closed","template":"","meta":{"_acf_changed":false,"footnotes":""},"class_list":["post-6129","page","type-page","status-publish","hentry"],"acf":[],"jetpack_sharing_enabled":true,"_links":{"self":[{"href":"https:\/\/www.ruralnetwork.eu\/hr\/wp-json\/wp\/v2\/pages\/6129","targetHints":{"allow":["GET"]}}],"collection":[{"href":"https:\/\/www.ruralnetwork.eu\/hr\/wp-json\/wp\/v2\/pages"}],"about":[{"href":"https:\/\/www.ruralnetwork.eu\/hr\/wp-json\/wp\/v2\/types\/page"}],"author":[{"embeddable":true,"href":"https:\/\/www.ruralnetwork.eu\/hr\/wp-json\/wp\/v2\/users\/4"}],"replies":[{"embeddable":true,"href":"https:\/\/www.ruralnetwork.eu\/hr\/wp-json\/wp\/v2\/comments?post=6129"}],"version-history":[{"count":1,"href":"https:\/\/www.ruralnetwork.eu\/hr\/wp-json\/wp\/v2\/pages\/6129\/revisions"}],"predecessor-version":[{"id":6130,"href":"https:\/\/www.ruralnetwork.eu\/hr\/wp-json\/wp\/v2\/pages\/6129\/revisions\/6130"}],"wp:attachment":[{"href":"https:\/\/www.ruralnetwork.eu\/hr\/wp-json\/wp\/v2\/media?parent=6129"}],"curies":[{"name":"wp","href":"https:\/\/api.w.org\/{rel}","templated":true}]}}