{"id":263,"date":"2019-10-21T20:18:43","date_gmt":"2019-10-21T18:18:43","guid":{"rendered":"https:\/\/www.ruralnetwork.eu\/web\/?page_id=263"},"modified":"2025-09-01T14:09:11","modified_gmt":"2025-09-01T12:09:11","slug":"kontakt","status":"publish","type":"page","link":"https:\/\/www.ruralnetwork.eu\/sl\/kontakt\/","title":{"rendered":"Kontakti"},"content":{"rendered":"\n<h2 class=\"wp-block-heading\"><strong>RUNE Enia, komunikacijska infrastruktura, d.o.o<\/strong><\/h2>\n\n\n\n<p>Lesko\u0161kova cesta 6, SI-1000 Ljubljana<br>Dav\u010dna \u0161tevilka: SI 36467383<br>Mati\u010dna \u0161tevilka: 8439087000<br>IBAN SI56 1010 0005 7708 690, Banka Intesa Sanpaolo d.d.<br><br><strong>Center za pomo\u010d uporabnikom<\/strong> <br>Delovni \u010das: od ponedeljka do petka od 8.00 &#8211; 16.00 ure<br>tel: <a href=\"tel:+386 (0)80 60 10\">080 60 10<\/a> (za klice iz tujine + 386 80 60 10)<br>e-naslov: <a href=\"mailto:info@rune.si\">info@rune.si<\/a>  <\/p>\n\n\n\n<p><strong>Kontakt za medije<\/strong><br>mail: pr@ruralnetwork.eu<br><\/p>\n","protected":false},"excerpt":{"rendered":"<p>RUNE Enia, komunikacijska infrastruktura, d.o.o Lesko\u0161kova cesta 6, SI-1000 LjubljanaDav\u010dna \u0161tevilka: SI 36467383Mati\u010dna \u0161tevilka: 8439087000IBAN SI56 1010 0005 7708 690, Banka Intesa Sanpaolo d.d. Center za [&hellip;]<\/p>\n","protected":false},"author":1,"featured_media":901,"parent":0,"menu_order":0,"comment_status":"closed","ping_status":"closed","template":"","meta":{"_acf_changed":false,"footnotes":""},"class_list":["post-263","page","type-page","status-publish","has-post-thumbnail","hentry"],"acf":[],"jetpack_sharing_enabled":true,"_links":{"self":[{"href":"https:\/\/www.ruralnetwork.eu\/sl\/wp-json\/wp\/v2\/pages\/263","targetHints":{"allow":["GET"]}}],"collection":[{"href":"https:\/\/www.ruralnetwork.eu\/sl\/wp-json\/wp\/v2\/pages"}],"about":[{"href":"https:\/\/www.ruralnetwork.eu\/sl\/wp-json\/wp\/v2\/types\/page"}],"author":[{"embeddable":true,"href":"https:\/\/www.ruralnetwork.eu\/sl\/wp-json\/wp\/v2\/users\/1"}],"replies":[{"embeddable":true,"href":"https:\/\/www.ruralnetwork.eu\/sl\/wp-json\/wp\/v2\/comments?post=263"}],"version-history":[{"count":22,"href":"https:\/\/www.ruralnetwork.eu\/sl\/wp-json\/wp\/v2\/pages\/263\/revisions"}],"predecessor-version":[{"id":7065,"href":"https:\/\/www.ruralnetwork.eu\/sl\/wp-json\/wp\/v2\/pages\/263\/revisions\/7065"}],"wp:featuredmedia":[{"embeddable":true,"href":"https:\/\/www.ruralnetwork.eu\/sl\/wp-json\/wp\/v2\/media\/901"}],"wp:attachment":[{"href":"https:\/\/www.ruralnetwork.eu\/sl\/wp-json\/wp\/v2\/media?parent=263"}],"curies":[{"name":"wp","href":"https:\/\/api.w.org\/{rel}","templated":true}]}}