{"id":273,"date":"2019-10-21T20:04:33","date_gmt":"2019-10-21T18:04:33","guid":{"rendered":"https:\/\/www.ruralnetwork.eu\/web\/?page_id=273"},"modified":"2025-06-16T14:20:44","modified_gmt":"2025-06-16T12:20:44","slug":"o-podjetju","status":"publish","type":"page","link":"https:\/\/www.ruralnetwork.eu\/sl\/o-podjetju\/","title":{"rendered":"O nas"},"content":{"rendered":"\n<p>Lastnik podjetja <strong>Rune Enia d.o.o<\/strong>. je podjetje Rune Group S.A. Ve\u010dinski lastnik podjetja Rune Group S.A. s sede\u017eem v Luksemburgu je evropski investicijski sklad Connecting Europe Broadband Fund (CEBF), katerega glavni namen je prispevati k uresni\u010ditvi ciljev t.i. gigabitne dru\u017ebe.<\/p>\n\n\n\n<p>Projekt RUNE je prvi, in v tem trenutku tudi edini \u010dezmejni projekt na ravni EU, s katerim se povezujejo ozemlja ve\u010d dr\u017eav \u010dlanic z ultra hitro \u0161irokopasovno opti\u010dno infrastrukturo, ki je prejel sredstva iz sklada CEBF. V sklopu projekta podjetje Rune Enia d.o.o <strong>na pode\u017eelskih obmo\u010djih Slovenije<\/strong> <strong>gradi ultra hitro \u0161irokopasovno opti\u010dno infrastrukturo<\/strong>. Z izgradnjo omre\u017eja na podro\u010djih, ki trenutno niso pokrita z opti\u010dno infrastrukturo, bo podjetje pomagalo enotam lokalne samouprave pri doseganju ciljev digitalne agende za Evropo 2020 tako, da bo zagotavljal povezovanje v novo dostopovno opti\u010dno omre\u017eje, ki bo <strong>omogo\u010dalo hitrosti, ve\u010dje od 1 Gb\/s.<\/strong><\/p>\n\n\n\n<p>Tak koncept izgradnje omre\u017eja omogo\u010da tudi liberalizacijo tr\u017ei\u0161\u010da storitev na podro\u010dju elektronskih komunikacij, kar pomeni, da ima <strong>kon\u010dni uporabnik mo\u017enost proste izbire ponudnika storitev, ki je glede na ceno in kakovost storitev zanj najugodnej\u0161i, <\/strong>saj upravitelj omre\u017eja vsem operaterjem storitev, ki to \u017eelijo, zagotavlja enakopravni dostop in najem omre\u017eja pod enakimi pogoji.<\/p>\n","protected":false},"excerpt":{"rendered":"<p>Lastnik podjetja Rune Enia d.o.o. je podjetje Rune Group S.A. Ve\u010dinski lastnik podjetja Rune Group S.A. s sede\u017eem v Luksemburgu je evropski investicijski sklad Connecting Europe [&hellip;]<\/p>\n","protected":false},"author":1,"featured_media":493,"parent":0,"menu_order":0,"comment_status":"closed","ping_status":"closed","template":"template-childbox.php","meta":{"_acf_changed":false,"footnotes":""},"class_list":["post-273","page","type-page","status-publish","has-post-thumbnail","hentry"],"acf":[],"jetpack_sharing_enabled":true,"_links":{"self":[{"href":"https:\/\/www.ruralnetwork.eu\/sl\/wp-json\/wp\/v2\/pages\/273","targetHints":{"allow":["GET"]}}],"collection":[{"href":"https:\/\/www.ruralnetwork.eu\/sl\/wp-json\/wp\/v2\/pages"}],"about":[{"href":"https:\/\/www.ruralnetwork.eu\/sl\/wp-json\/wp\/v2\/types\/page"}],"author":[{"embeddable":true,"href":"https:\/\/www.ruralnetwork.eu\/sl\/wp-json\/wp\/v2\/users\/1"}],"replies":[{"embeddable":true,"href":"https:\/\/www.ruralnetwork.eu\/sl\/wp-json\/wp\/v2\/comments?post=273"}],"version-history":[{"count":11,"href":"https:\/\/www.ruralnetwork.eu\/sl\/wp-json\/wp\/v2\/pages\/273\/revisions"}],"predecessor-version":[{"id":6980,"href":"https:\/\/www.ruralnetwork.eu\/sl\/wp-json\/wp\/v2\/pages\/273\/revisions\/6980"}],"wp:featuredmedia":[{"embeddable":true,"href":"https:\/\/www.ruralnetwork.eu\/sl\/wp-json\/wp\/v2\/media\/493"}],"wp:attachment":[{"href":"https:\/\/www.ruralnetwork.eu\/sl\/wp-json\/wp\/v2\/media?parent=273"}],"curies":[{"name":"wp","href":"https:\/\/api.w.org\/{rel}","templated":true}]}}