{"id":2778,"date":"2021-08-25T09:55:38","date_gmt":"2021-08-25T07:55:38","guid":{"rendered":"https:\/\/www.ruralnetwork.eu\/?page_id=2778"},"modified":"2026-02-15T09:13:26","modified_gmt":"2026-02-15T08:13:26","slug":"splosni-pogoji","status":"publish","type":"page","link":"https:\/\/www.ruralnetwork.eu\/sl\/splosni-pogoji\/","title":{"rendered":"Splo\u0161ni pogoji"},"content":{"rendered":"\n<p><a href=\"https:\/\/www.ruralnetwork.eu\/web\/wp-content\/uploads\/2026\/02\/260215_RUNE-Splosni-pogoji-v3_6-2.pdf\"><strong>Splo\u0161ni pogoji dru\u017ebe RUNE Enia, d.o.o. (15. 2. 2026)<\/strong><\/a><\/p>\n\n\n\n<p><strong>ARHIV<\/strong><br><strong><a href=\"https:\/\/www.ruralnetwork.eu\/web\/wp-content\/uploads\/2025\/03\/RUNE-Splosni-pogoji-v3_5.pdf\">Splo\u0161ni pogoji dru\u017ebe RUNE Enia d.o.o. (4. 1. 2024)<\/a><\/strong><\/p>\n\n\n\n<p><\/p>\n","protected":false},"excerpt":{"rendered":"<p>Splo\u0161ni pogoji dru\u017ebe RUNE Enia, d.o.o. (15. 2. 2026) ARHIVSplo\u0161ni pogoji dru\u017ebe RUNE Enia d.o.o. (4. 1. 2024)<\/p>\n","protected":false},"author":4,"featured_media":0,"parent":0,"menu_order":0,"comment_status":"closed","ping_status":"closed","template":"","meta":{"_acf_changed":false,"footnotes":""},"class_list":["post-2778","page","type-page","status-publish","hentry"],"acf":[],"jetpack_sharing_enabled":true,"_links":{"self":[{"href":"https:\/\/www.ruralnetwork.eu\/sl\/wp-json\/wp\/v2\/pages\/2778","targetHints":{"allow":["GET"]}}],"collection":[{"href":"https:\/\/www.ruralnetwork.eu\/sl\/wp-json\/wp\/v2\/pages"}],"about":[{"href":"https:\/\/www.ruralnetwork.eu\/sl\/wp-json\/wp\/v2\/types\/page"}],"author":[{"embeddable":true,"href":"https:\/\/www.ruralnetwork.eu\/sl\/wp-json\/wp\/v2\/users\/4"}],"replies":[{"embeddable":true,"href":"https:\/\/www.ruralnetwork.eu\/sl\/wp-json\/wp\/v2\/comments?post=2778"}],"version-history":[{"count":14,"href":"https:\/\/www.ruralnetwork.eu\/sl\/wp-json\/wp\/v2\/pages\/2778\/revisions"}],"predecessor-version":[{"id":7206,"href":"https:\/\/www.ruralnetwork.eu\/sl\/wp-json\/wp\/v2\/pages\/2778\/revisions\/7206"}],"wp:attachment":[{"href":"https:\/\/www.ruralnetwork.eu\/sl\/wp-json\/wp\/v2\/media?parent=2778"}],"curies":[{"name":"wp","href":"https:\/\/api.w.org\/{rel}","templated":true}]}}