{"id":344,"date":"2019-10-24T10:50:14","date_gmt":"2019-10-24T08:50:14","guid":{"rendered":"https:\/\/www.ruralnetwork.eu\/web\/?page_id=344"},"modified":"2020-05-28T23:50:46","modified_gmt":"2020-05-28T21:50:46","slug":"prednosti-opticne-tehnologije","status":"publish","type":"page","link":"https:\/\/www.ruralnetwork.eu\/sl\/koristne-informacije\/prednosti-opticne-tehnologije\/","title":{"rendered":"Prednosti opti\u010dne tehnologije"},"content":{"rendered":"\n<h2 class=\"wp-block-heading\">Izjemno velika pasovna \u0161irina <\/h2>\n\n\n\n<p>Nobena druga kabelska tehnologija ne ponuja take pasovne \u0161irine kot opti\u010dni kabel. Koli\u010dina podatkov, ki jih opti\u010dni kabel prenese v \u010dasovni enoti, je veliko ve\u010dja od bakrenih kablov. <\/p>\n\n\n\n<h2 class=\"wp-block-heading\">Ve\u010dje dol\u017eine prenosa <\/h2>\n\n\n\n<p>Pri prenosu podatkov imajo opti\u010dni kabli majhno izgubo mo\u010di, kar omogo\u010da prenos podatkov na ve\u010dje razdalje v primerjavi z bakrenimi kabli. <\/p>\n\n\n\n<h2 class=\"wp-block-heading\">Odpornost proti elektromagnetnim motnjam <\/h2>\n\n\n\n<p>Pri izgradnji omre\u017eja se je nemogo\u010de izogniti vsem vplivom elektromagnetnih motenj, kot so elektromagnetne mre\u017ee, transformatorske postaje, toplarne&nbsp;itd. Kljub temu je za opti\u010dni kabel zaradi visoke odpornosti proti elektromagnetnim motnjam zna\u010dilen zelo majhen odstotek izgub. Opti\u010dni kabel pri prenosu podatkov tudi ne proizvaja nobenega zvoka. <\/p>\n\n\n\n<h2 class=\"wp-block-heading\">Nizko varnostno tveganje <\/h2>\n\n\n\n<p>V opti\u010dnih omre\u017ejih se podatki prena\u0161ajo s svetlobo in \u00bbprislu\u0161kovanje\u00ab kot pri bakrenih kablih, kjer med prenosom prihaja do \u00bbuhajanja\u00ab elektromagnetne energije, ni mogo\u010de. Zaradi tega opti\u010dna omre\u017eja zagotavljajo ve\u010djo varnost prenosa podatkov. <\/p>\n\n\n\n<h2 class=\"wp-block-heading\">Majhna velikost <\/h2>\n\n\n\n<p>Opti\u010dni kabli imajo zelo majhen premer in jih zato lahko u\u010dinkovito name\u0161\u010damo v razpolo\u017eljivi telekomunikacijski kanalizaciji in tudi v doma\u010dih in\u0161talacijah. <\/p>\n\n\n\n<h2 class=\"wp-block-heading\">Preprosto prilagajanje zahtevam za ve\u010djo pasovno \u0161irino<\/h2>\n\n\n\n<p>\u010ce je potreben prenos ve\u010dje koli\u010dine podatkov, se to omogo\u010di z zamenjavo aktivne opreme, brez zamenjave name\u0161\u010denih kablov. Tehnologije, kot je WDM, omogo\u010dajo pove\u010dano pasovno \u0161irino z uporabo obstoje\u010dih opti\u010dnih kablov.<\/p>\n","protected":false},"excerpt":{"rendered":"<p>Izjemno velika pasovna \u0161irina Nobena druga kabelska tehnologija ne ponuja take pasovne \u0161irine kot opti\u010dni kabel. Koli\u010dina podatkov, ki jih opti\u010dni kabel prenese v \u010dasovni enoti, [&hellip;]<\/p>\n","protected":false},"author":4,"featured_media":508,"parent":335,"menu_order":1,"comment_status":"closed","ping_status":"closed","template":"template-childbox.php","meta":{"_acf_changed":false,"footnotes":""},"class_list":["post-344","page","type-page","status-publish","has-post-thumbnail","hentry"],"acf":[],"jetpack_sharing_enabled":true,"_links":{"self":[{"href":"https:\/\/www.ruralnetwork.eu\/sl\/wp-json\/wp\/v2\/pages\/344","targetHints":{"allow":["GET"]}}],"collection":[{"href":"https:\/\/www.ruralnetwork.eu\/sl\/wp-json\/wp\/v2\/pages"}],"about":[{"href":"https:\/\/www.ruralnetwork.eu\/sl\/wp-json\/wp\/v2\/types\/page"}],"author":[{"embeddable":true,"href":"https:\/\/www.ruralnetwork.eu\/sl\/wp-json\/wp\/v2\/users\/4"}],"replies":[{"embeddable":true,"href":"https:\/\/www.ruralnetwork.eu\/sl\/wp-json\/wp\/v2\/comments?post=344"}],"version-history":[{"count":6,"href":"https:\/\/www.ruralnetwork.eu\/sl\/wp-json\/wp\/v2\/pages\/344\/revisions"}],"predecessor-version":[{"id":1603,"href":"https:\/\/www.ruralnetwork.eu\/sl\/wp-json\/wp\/v2\/pages\/344\/revisions\/1603"}],"up":[{"embeddable":true,"href":"https:\/\/www.ruralnetwork.eu\/sl\/wp-json\/wp\/v2\/pages\/335"}],"wp:featuredmedia":[{"embeddable":true,"href":"https:\/\/www.ruralnetwork.eu\/sl\/wp-json\/wp\/v2\/media\/508"}],"wp:attachment":[{"href":"https:\/\/www.ruralnetwork.eu\/sl\/wp-json\/wp\/v2\/media?parent=344"}],"curies":[{"name":"wp","href":"https:\/\/api.w.org\/{rel}","templated":true}]}}