{"id":348,"date":"2019-10-24T10:50:43","date_gmt":"2019-10-24T08:50:43","guid":{"rendered":"https:\/\/www.ruralnetwork.eu\/web\/?page_id=348"},"modified":"2020-05-28T23:50:11","modified_gmt":"2020-05-28T21:50:11","slug":"osnovni-pojmi","status":"publish","type":"page","link":"https:\/\/www.ruralnetwork.eu\/sl\/koristne-informacije\/osnovni-pojmi\/","title":{"rendered":"Osnovni pojmi"},"content":{"rendered":"\n<p><strong>Odprto omre\u017eje<\/strong>&nbsp;\/ omre\u017eje, ki ga uporabljajo vsi internetni ponudniki storitev (ISP) pod enakimi pogoji. <br><br><strong>Dostopovno omre\u017eje<\/strong>&nbsp;\/ del omre\u017eja, ki povezuje kon\u010dne uporabnike z vozli\u0161\u010dem. <br><br><strong>Ponudnik fizi\u010dne infrastrukture<\/strong>&nbsp;\/ gradi in omogo\u010da dostop na zgrajeni telekomunikacijski infrastrukturi (RUNE Enia&nbsp;d.o.o.). <br><br><strong>Ponudnik omre\u017eja<\/strong>&nbsp;\/ vzdr\u017euje in upravlja omre\u017eje ter zagotavlja prenos storitev kon\u010dnim uporabnikom (RUNE Enia&nbsp;d.o.o.). <br><br><strong>Ponudnik storitev<\/strong>&nbsp;\/ poslovni subjekt, ki na trgu ponuja televizijske, internetne, telefonske in podobne storitve prek odprtega omre\u017eja (ponudniki internetnih storitev \u2013 Telekom Slovenije, A1, Telemach, T2 itd.). <br><br><strong>Kon\u010dni uporabnik<\/strong>&nbsp;\/ uporabnik storitev prek odprtega omre\u017eja (gospodinjstva, poslovni uporabniki, javne ustanove itd.). <br><br><strong>Opti\u010dno vlakno<\/strong>&nbsp;\/ pro\u017eno vlakno majhnih dimenzij iz materiala SiO<sub>2<\/sub>, ki v notranjosti z uporabo popolnih odbojev prena\u0161a svetlobni signal z majhnimi izgubami in veliko pasovno \u0161irino. <br><br><strong>\u0160irokopasovna infrastruktura<\/strong>&nbsp;\/ infrastruktura, ki brez omejitev (po skupni koli\u010dini in\/ali vrsti prometa) kon\u010dnim uporabnikom omogo\u010da uporabo vseh oddaljenih digitalnih storitev. V skladu z evropsko strategijo Gigabit Europe 2025 morajo vsa podjetja in javni subjekti imeti infrastrukturo, ki omogo\u010da mo\u017enost prenosa podatkov s hitrostmi do 1 gigabita na sekundo (Gbit\/s) in vsa gospodinjstva 100 Mbit\/s, z mo\u017enostjo nadgradnje na 1 Gbit\/s, na zahtevo kon\u010dnega uporabnika. Zato podjetje RUNE verjame, da \u0161irokopasovni dostop pomeni, da se kon\u010dnemu uporabniku brez omejitev (po skupni koli\u010dini in\/ali vrsti prometa) omogo\u010di uporaba vseh digitalnih storitev, ki jih je mogo\u010de prena\u0161ati na daljavo s hitrostmi 1 Gbit\/s in ve\u010d.<\/p>\n","protected":false},"excerpt":{"rendered":"<p>Odprto omre\u017eje&nbsp;\/ omre\u017eje, ki ga uporabljajo vsi internetni ponudniki storitev (ISP) pod enakimi pogoji. Dostopovno omre\u017eje&nbsp;\/ del omre\u017eja, ki povezuje kon\u010dne uporabnike z vozli\u0161\u010dem. Ponudnik fizi\u010dne [&hellip;]<\/p>\n","protected":false},"author":4,"featured_media":522,"parent":335,"menu_order":3,"comment_status":"closed","ping_status":"closed","template":"template-childbox.php","meta":{"_acf_changed":false,"footnotes":""},"class_list":["post-348","page","type-page","status-publish","has-post-thumbnail","hentry"],"acf":[],"jetpack_sharing_enabled":true,"_links":{"self":[{"href":"https:\/\/www.ruralnetwork.eu\/sl\/wp-json\/wp\/v2\/pages\/348","targetHints":{"allow":["GET"]}}],"collection":[{"href":"https:\/\/www.ruralnetwork.eu\/sl\/wp-json\/wp\/v2\/pages"}],"about":[{"href":"https:\/\/www.ruralnetwork.eu\/sl\/wp-json\/wp\/v2\/types\/page"}],"author":[{"embeddable":true,"href":"https:\/\/www.ruralnetwork.eu\/sl\/wp-json\/wp\/v2\/users\/4"}],"replies":[{"embeddable":true,"href":"https:\/\/www.ruralnetwork.eu\/sl\/wp-json\/wp\/v2\/comments?post=348"}],"version-history":[{"count":7,"href":"https:\/\/www.ruralnetwork.eu\/sl\/wp-json\/wp\/v2\/pages\/348\/revisions"}],"predecessor-version":[{"id":1602,"href":"https:\/\/www.ruralnetwork.eu\/sl\/wp-json\/wp\/v2\/pages\/348\/revisions\/1602"}],"up":[{"embeddable":true,"href":"https:\/\/www.ruralnetwork.eu\/sl\/wp-json\/wp\/v2\/pages\/335"}],"wp:featuredmedia":[{"embeddable":true,"href":"https:\/\/www.ruralnetwork.eu\/sl\/wp-json\/wp\/v2\/media\/522"}],"wp:attachment":[{"href":"https:\/\/www.ruralnetwork.eu\/sl\/wp-json\/wp\/v2\/media?parent=348"}],"curies":[{"name":"wp","href":"https:\/\/api.w.org\/{rel}","templated":true}]}}