{"id":6568,"date":"2020-01-19T15:07:02","date_gmt":"2020-01-19T14:07:02","guid":{"rendered":"https:\/\/www.ruralnetwork.eu\/kako-do-prikljucka\/podrucje-obuhvaceno-projektom\/"},"modified":"2024-05-28T15:07:18","modified_gmt":"2024-05-28T13:07:18","slug":"zemljevid","status":"publish","type":"page","link":"https:\/\/www.ruralnetwork.eu\/sl\/kako-do-prikljucka\/zemljevid\/","title":{"rendered":"Zemljevid obmo\u010dja, ki ga pokriva projekt"},"content":{"rendered":"","protected":false},"excerpt":{"rendered":"<p>Karta podru\u010dja obuhva\u0107enog projektom<\/p>\n","protected":false},"author":1,"featured_media":933,"parent":338,"menu_order":2,"comment_status":"closed","ping_status":"closed","template":"template-map-sl.php","meta":{"_acf_changed":false,"footnotes":""},"class_list":["post-6568","page","type-page","status-publish","has-post-thumbnail","hentry"],"acf":[],"jetpack_sharing_enabled":true,"_links":{"self":[{"href":"https:\/\/www.ruralnetwork.eu\/sl\/wp-json\/wp\/v2\/pages\/6568","targetHints":{"allow":["GET"]}}],"collection":[{"href":"https:\/\/www.ruralnetwork.eu\/sl\/wp-json\/wp\/v2\/pages"}],"about":[{"href":"https:\/\/www.ruralnetwork.eu\/sl\/wp-json\/wp\/v2\/types\/page"}],"author":[{"embeddable":true,"href":"https:\/\/www.ruralnetwork.eu\/sl\/wp-json\/wp\/v2\/users\/1"}],"replies":[{"embeddable":true,"href":"https:\/\/www.ruralnetwork.eu\/sl\/wp-json\/wp\/v2\/comments?post=6568"}],"version-history":[{"count":6,"href":"https:\/\/www.ruralnetwork.eu\/sl\/wp-json\/wp\/v2\/pages\/6568\/revisions"}],"predecessor-version":[{"id":6580,"href":"https:\/\/www.ruralnetwork.eu\/sl\/wp-json\/wp\/v2\/pages\/6568\/revisions\/6580"}],"up":[{"embeddable":true,"href":"https:\/\/www.ruralnetwork.eu\/sl\/wp-json\/wp\/v2\/pages\/338"}],"wp:featuredmedia":[{"embeddable":true,"href":"https:\/\/www.ruralnetwork.eu\/sl\/wp-json\/wp\/v2\/media\/933"}],"wp:attachment":[{"href":"https:\/\/www.ruralnetwork.eu\/sl\/wp-json\/wp\/v2\/media?parent=6568"}],"curies":[{"name":"wp","href":"https:\/\/api.w.org\/{rel}","templated":true}]}}