{"id":7016,"date":"2025-07-21T15:09:08","date_gmt":"2025-07-21T13:09:08","guid":{"rendered":"https:\/\/www.ruralnetwork.eu\/?page_id=7016"},"modified":"2025-07-21T15:10:05","modified_gmt":"2025-07-21T13:10:05","slug":"goso6","status":"publish","type":"page","link":"https:\/\/www.ruralnetwork.eu\/sl\/goso6\/","title":{"rendered":"GO\u0160O6"},"content":{"rendered":"\n<figure class=\"wp-block-image size-full\"><img loading=\"lazy\" decoding=\"async\" width=\"451\" height=\"135\" data-attachment-id=\"7017\" data-permalink=\"https:\/\/www.ruralnetwork.eu\/sl\/goso6\/attachment\/image\/\" data-orig-file=\"https:\/\/www.ruralnetwork.eu\/web\/wp-content\/uploads\/2025\/07\/image-1.jpeg\" data-orig-size=\"451,135\" data-comments-opened=\"0\" data-image-meta=\"{&quot;aperture&quot;:&quot;0&quot;,&quot;credit&quot;:&quot;&quot;,&quot;camera&quot;:&quot;&quot;,&quot;caption&quot;:&quot;&quot;,&quot;created_timestamp&quot;:&quot;0&quot;,&quot;copyright&quot;:&quot;&quot;,&quot;focal_length&quot;:&quot;0&quot;,&quot;iso&quot;:&quot;0&quot;,&quot;shutter_speed&quot;:&quot;0&quot;,&quot;title&quot;:&quot;&quot;,&quot;orientation&quot;:&quot;1&quot;}\" data-image-title=\"image\" data-image-description=\"\" data-image-caption=\"\" data-medium-file=\"https:\/\/www.ruralnetwork.eu\/web\/wp-content\/uploads\/2025\/07\/image-1.jpeg\" data-large-file=\"https:\/\/www.ruralnetwork.eu\/web\/wp-content\/uploads\/2025\/07\/image-1.jpeg\" src=\"https:\/\/www.ruralnetwork.eu\/web\/wp-content\/uploads\/2025\/07\/image-1.jpeg\" alt=\"\" class=\"wp-image-7017\"\/><\/figure>\n\n\n\n<p><strong>O PROJEKTU &#8211; opti\u010dno omre\u017eje na pode\u017eelskih obmo\u010djih<\/strong><\/p>\n\n\n\n<p>Podjetje&nbsp;<strong>Rune Enia d.o.o.<\/strong>&nbsp;na pode\u017eelskih obmo\u010djih Slovenije gradi \u0161irokopasovno opti\u010dno omre\u017eje. V sklopu javnega razpisa GO\u0160O6 bo v ve\u010d ob\u010dinah pokrilo tudi posamezne naslove na obmo\u010dju t. i. belih lis.<\/p>\n\n\n\n<p>Z izgradnjo sodobnega opti\u010dnega omre\u017eja bodo gospodinjstva in podjetja pridobila dostop do&nbsp;<strong>zanesljive<\/strong>&nbsp;<strong>internetne povezave s hitrostmi do 10 Gb\/s<\/strong>. Kon\u010dnim uporabnikom bo omogo\u010dena&nbsp;<strong>prosta izbira ponudnika internetnih storitev<\/strong>, kar pomeni, da si bodo lahko izbrali tistega, ki jim glede na ceno in kakovost najbolj ustreza.<\/p>\n\n\n\n<p>Razpis se izvaja v okviru&nbsp;<strong>Na\u010drta za okrevanje in odpornost<\/strong>&nbsp;in ga sofinancira&nbsp;<strong>Evropska unija -NextGenerationEU<\/strong>.&nbsp;Ve\u010d informacij:&nbsp;<a href=\"http:\/\/www.noo.gov.si\/\">www.noo.gov.si<\/a><\/p>\n\n\n\n<p><strong>Pokritost obmo\u010dij \u2013 GO\u0160O 6<\/strong><\/p>\n\n\n\n<p>Podjetje RUNE Enia d.o.o. v okviru razpisa GO\u0160O6 gradi opti\u010dno omre\u017eje v ve\u010d sklopih po vsej Sloveniji.<\/p>\n\n\n\n<p>Sklopi in \u0161tevilo belih lis po obmo\u010djih:<\/p>\n\n\n\n<figure class=\"wp-block-table\"><table class=\"has-fixed-layout\"><tbody><tr><td><strong>Sklop<\/strong><\/td><td><strong>\u0161tevilo belih lis<\/strong><\/td><td><strong>Znesek sofinanciranja<\/strong><\/td><td><strong>Vrednost projekta brez DDV<\/strong><\/td><\/tr><tr><td><strong>2 Apa\u010de<\/strong><\/td><td>143<\/td><td>194.570,09<\/td><td>397.869,73<\/td><\/tr><tr><td><strong>12 Cankova<\/strong><\/td><td>147<\/td><td>58.106,16<\/td><td>118.583,96<\/td><\/tr><tr><td><strong>107 Pesnica<\/strong><\/td><td>70<\/td><td>134.240,40<\/td><td>274.094,96<\/td><\/tr><tr><td><strong>149 \u0160entilj<\/strong><\/td><td>8<\/td><td>21.285,60<\/td><td>43.440,00<\/td><\/tr><tr><td><strong>69 Kungota<\/strong><\/td><td>54<\/td><td>208.377,90<\/td><td>423.871,76<\/td><\/tr><\/tbody><\/table><\/figure>\n\n\n\n<p>S tem projektom RUNE Enia pomembno prispeva k digitalni vklju\u010denosti in razvoju slovenskega pode\u017eelja.<\/p>\n\n\n\n<p><strong>Trajanje projekta<\/strong><br>Projekt poteka v obdobju od\u00a0<strong>decembra 2025 do maja 2026.<\/strong><\/p>\n","protected":false},"excerpt":{"rendered":"<p>O PROJEKTU &#8211; opti\u010dno omre\u017eje na pode\u017eelskih obmo\u010djih Podjetje&nbsp;Rune Enia d.o.o.&nbsp;na pode\u017eelskih obmo\u010djih Slovenije gradi \u0161irokopasovno opti\u010dno omre\u017eje. V sklopu javnega razpisa GO\u0160O6 bo v ve\u010d [&hellip;]<\/p>\n","protected":false},"author":4,"featured_media":6046,"parent":0,"menu_order":0,"comment_status":"closed","ping_status":"closed","template":"","meta":{"_acf_changed":false,"footnotes":""},"class_list":["post-7016","page","type-page","status-publish","has-post-thumbnail","hentry"],"acf":[],"jetpack_sharing_enabled":true,"_links":{"self":[{"href":"https:\/\/www.ruralnetwork.eu\/sl\/wp-json\/wp\/v2\/pages\/7016","targetHints":{"allow":["GET"]}}],"collection":[{"href":"https:\/\/www.ruralnetwork.eu\/sl\/wp-json\/wp\/v2\/pages"}],"about":[{"href":"https:\/\/www.ruralnetwork.eu\/sl\/wp-json\/wp\/v2\/types\/page"}],"author":[{"embeddable":true,"href":"https:\/\/www.ruralnetwork.eu\/sl\/wp-json\/wp\/v2\/users\/4"}],"replies":[{"embeddable":true,"href":"https:\/\/www.ruralnetwork.eu\/sl\/wp-json\/wp\/v2\/comments?post=7016"}],"version-history":[{"count":2,"href":"https:\/\/www.ruralnetwork.eu\/sl\/wp-json\/wp\/v2\/pages\/7016\/revisions"}],"predecessor-version":[{"id":7021,"href":"https:\/\/www.ruralnetwork.eu\/sl\/wp-json\/wp\/v2\/pages\/7016\/revisions\/7021"}],"wp:featuredmedia":[{"embeddable":true,"href":"https:\/\/www.ruralnetwork.eu\/sl\/wp-json\/wp\/v2\/media\/6046"}],"wp:attachment":[{"href":"https:\/\/www.ruralnetwork.eu\/sl\/wp-json\/wp\/v2\/media?parent=7016"}],"curies":[{"name":"wp","href":"https:\/\/api.w.org\/{rel}","templated":true}]}}